{"id":208,"date":"2015-07-14T14:50:10","date_gmt":"2015-07-14T14:50:10","guid":{"rendered":"http:\/\/test.kriesi.at\/minimal-portfolio\/?page_id=9"},"modified":"2023-12-24T05:54:05","modified_gmt":"2023-12-24T04:54:05","slug":"home","status":"publish","type":"page","link":"https:\/\/conectaweb.net\/","title":{"rendered":"Home"},"content":{"rendered":"\n<style type=\"text\/css\" data-created_by=\"avia_inline_auto\" id=\"style-css-av-61l5zk-244d1ef418ea3ae41bd13cd1037226af\">\n.avia-section.av-61l5zk-244d1ef418ea3ae41bd13cd1037226af .av-extra-border-element .av-extra-border-inner{\nbackground-color:#7bc6c7;\n}\n<\/style>\n<div id='portfolio'  class='avia-section av-61l5zk-244d1ef418ea3ae41bd13cd1037226af main_color avia-section-small avia-no-border-styling  avia-builder-el-0  el_before_av_section  avia-builder-el-first  avia-bg-style-scroll container_wrap fullsize'  ><div class='container av-section-cont-open' ><main  role=\"main\" itemprop=\"mainContentOfPage\"  class='template-page content  av-content-full alpha units'><div class='post-entry post-entry-type-page post-entry-208'><div class='entry-content-wrapper clearfix'>\n\n<style type=\"text\/css\" data-created_by=\"avia_inline_auto\" id=\"style-css-av-5whqlc-32a017651e1874aab079988dfad37ec8\">\n.flex_column.av-5whqlc-32a017651e1874aab079988dfad37ec8{\nborder-radius:0px 0px 0px 0px;\npadding:0px 0px 0px 0px;\n}\n<\/style>\n<div  class='flex_column av-5whqlc-32a017651e1874aab079988dfad37ec8 av_one_full  avia-builder-el-1  el_before_av_one_half  avia-builder-el-first  first flex_column_div av-animated-generic bottom-to-top av-zero-column-padding  '     ><style type=\"text\/css\" data-created_by=\"avia_inline_auto\" id=\"style-css-av-9jd9s-dca2ad1559a276e2805d1e2beea38f8f\">\n#top .av-special-heading.av-9jd9s-dca2ad1559a276e2805d1e2beea38f8f{\npadding-bottom:20px;\ncolor:#000000;\nfont-size:40px;\n}\nbody .av-special-heading.av-9jd9s-dca2ad1559a276e2805d1e2beea38f8f .av-special-heading-tag .heading-char{\nfont-size:25px;\n}\n#top #wrap_all .av-special-heading.av-9jd9s-dca2ad1559a276e2805d1e2beea38f8f .av-special-heading-tag{\nfont-size:40px;\n}\n.av-special-heading.av-9jd9s-dca2ad1559a276e2805d1e2beea38f8f .special-heading-inner-border{\nborder-color:#000000;\n}\n.av-special-heading.av-9jd9s-dca2ad1559a276e2805d1e2beea38f8f .av-subheading{\nfont-size:15px;\n}\n\n@media only screen and (min-width: 480px) and (max-width: 767px){ \n#top #wrap_all .av-special-heading.av-9jd9s-dca2ad1559a276e2805d1e2beea38f8f .av-special-heading-tag{\nfont-size:0.8em;\n}\n}\n\n@media only screen and (max-width: 479px){ \n#top #wrap_all .av-special-heading.av-9jd9s-dca2ad1559a276e2805d1e2beea38f8f .av-special-heading-tag{\nfont-size:0.8em;\n}\n}\n<\/style>\n<div  class='av-special-heading av-9jd9s-dca2ad1559a276e2805d1e2beea38f8f av-special-heading-h1 custom-color-heading blockquote modern-quote modern-centered  avia-builder-el-2  avia-builder-el-no-sibling  av-inherit-size'><h1 class='av-special-heading-tag '  itemprop=\"headline\"  >\u00bfCuales son mis habilidades?<\/h1><div class=\"special-heading-border\"><div class=\"special-heading-inner-border\"><\/div><\/div><\/div><\/div>\n<style type=\"text\/css\" data-created_by=\"avia_inline_auto\" id=\"style-css-av-5he0io-3b6077b5d26e6e5496c623c5ef11e6a6\">\n.flex_column.av-5he0io-3b6077b5d26e6e5496c623c5ef11e6a6{\nborder-radius:0px 0px 0px 0px;\npadding:0px 0px 0px 0px;\n}\n<\/style>\n<div  class='flex_column av-5he0io-3b6077b5d26e6e5496c623c5ef11e6a6 av_one_half  avia-builder-el-3  el_after_av_one_full  el_before_av_one_half  first flex_column_div av-animated-generic bottom-to-top av-zero-column-padding  column-top-margin'     ><section  class='av_textblock_section av-5bvda8-87629e5176cba62218c725a4a2a910c2 '   itemscope=\"itemscope\" itemtype=\"https:\/\/schema.org\/CreativeWork\" ><div class='avia_textblock'  itemprop=\"text\" ><p>Ya han pasado m\u00e1s de 30 a\u00f1os desde que compr\u00e9 mi primer ordenador \u00abSinclair ZX Spectrum con 48k de memoria ram\u00bb. <img decoding=\"async\" class=\"size-medium wp-image-237 alignright\" src=\"http:\/\/conectaweb.net\/wp-content\/uploads\/2019\/11\/spectrum-300x300.png\" alt=\"Mi primer ordenador\" width=\"300\" height=\"300\" srcset=\"https:\/\/conectaweb.net\/wp-content\/uploads\/2019\/11\/spectrum-300x300.png 300w, https:\/\/conectaweb.net\/wp-content\/uploads\/2019\/11\/spectrum-80x80.png 80w, https:\/\/conectaweb.net\/wp-content\/uploads\/2019\/11\/spectrum-36x36.png 36w, https:\/\/conectaweb.net\/wp-content\/uploads\/2019\/11\/spectrum-180x180.png 180w, https:\/\/conectaweb.net\/wp-content\/uploads\/2019\/11\/spectrum.png 380w\" sizes=\"auto, (max-width: 300px) 100vw, 300px\" \/ fetchpriority=\"high\"><\/p>\n<p>Desde ah\u00ed he montado todo tipo de ordenadores y servidores especializ\u00e1ndome en la administraci\u00f3n sistemas en servidores web, la seguridad inform\u00e1tica, el dise\u00f1o web y el marketing online.<\/p>\n<p>Todo comenz\u00f3 siendo un Hobby y me he dedicado a aprender durante todos estos a\u00f1os.<\/p>\n<p>Actualmente es mi trabajo y me dedico a ello profesionalmente.<\/p>\n<\/div><\/section><\/div>\n<style type=\"text\/css\" data-created_by=\"avia_inline_auto\" id=\"style-css-av-56ju80-e70b042611c5e245ea7a4776af02b208\">\n.flex_column.av-56ju80-e70b042611c5e245ea7a4776af02b208{\nborder-radius:0px 0px 0px 0px;\npadding:0px 0px 0px 0px;\n}\n<\/style>\n<div  class='flex_column av-56ju80-e70b042611c5e245ea7a4776af02b208 av_one_half  avia-builder-el-5  el_after_av_one_half  el_before_av_hr  flex_column_div av-animated-generic bottom-to-top av-zero-column-padding  column-top-margin'     ><section  class='av_textblock_section av-545jqo-3767831479d3314bf70121ee564c55b2 '   itemscope=\"itemscope\" itemtype=\"https:\/\/schema.org\/CreativeWork\" ><div class='avia_textblock'  itemprop=\"text\" ><h2>Conocimientos adquiridos &#8230;<\/h2>\n<ul>\n<li>Sistemas operativos All Windows, Mac OSX, GNU\/Linux espacializado en Debian y Ubuntu<\/li>\n<li>Seguridad de sistemas a nivel servidor y web (Troyanos, gusanos, virus y malware)<\/li>\n<li>Servidor Web Apache<\/li>\n<li>Servidor DNS Bind<\/li>\n<li>Servidor bases de datos MySQL<\/li>\n<li>Servidor NextCloud<\/li>\n<li>Servidor FileMaker Server<\/li>\n<li>Dise\u00f1o Web basado en el CMS Wordpress<\/li>\n<li>Tienda online basada en Woocommerce<\/li>\n<li>Publicidad online Google Ads<\/li>\n<li>Posicionamiento web SEO<\/li>\n<li>Dise\u00f1o gr\u00e1fico con Photoshop<\/li>\n<\/ul>\n<\/div><\/section><\/div>\n<style type=\"text\/css\" data-created_by=\"avia_inline_auto\" id=\"style-css-av-4ujwu8-b2aefc40e88649f450d5c34b60c4618a\">\n#top .hr.hr-invisible.av-4ujwu8-b2aefc40e88649f450d5c34b60c4618a{\nheight:50px;\n}\n<\/style>\n<div  class='hr av-4ujwu8-b2aefc40e88649f450d5c34b60c4618a hr-invisible  avia-builder-el-7  el_after_av_one_half  el_before_av_hr '><span class='hr-inner '><span class=\"hr-inner-style\"><\/span><\/span><\/div>\n\n<style type=\"text\/css\" data-created_by=\"avia_inline_auto\" id=\"style-css-av-4iqe60-e674e7fb447f77fd6557e195b5a9c78e\">\n#top .hr.hr-invisible.av-4iqe60-e674e7fb447f77fd6557e195b5a9c78e{\nheight:100px;\n}\n<\/style>\n<div  class='hr av-4iqe60-e674e7fb447f77fd6557e195b5a9c78e hr-invisible  avia-builder-el-8  el_after_av_hr  avia-builder-el-last '><span class='hr-inner '><span class=\"hr-inner-style\"><\/span><\/span><\/div>\n\n<\/div><\/div><\/main><!-- close content main element --><\/div><div class='av-extra-border-element border-extra-diagonal  '><div class='av-extra-border-outer'><div class='av-extra-border-inner'><\/div><\/div><\/div><\/div>\n<style type=\"text\/css\" data-created_by=\"avia_inline_auto\" id=\"style-css-av-4g4nxs-9cd11787a417417dd0fa8bb39967a520\">\n.avia-section.av-4g4nxs-9cd11787a417417dd0fa8bb39967a520{\nbackground-color:#7bc6c7;\nbackground-image:unset;\n}\n.avia-section.av-4g4nxs-9cd11787a417417dd0fa8bb39967a520 .av-extra-border-element .av-extra-border-inner{\nbackground-color:#ffffff;\n}\n<\/style>\n<div id='about'  class='avia-section av-4g4nxs-9cd11787a417417dd0fa8bb39967a520 main_color avia-section-small avia-no-border-styling  avia-builder-el-9  el_after_av_section  el_before_av_section  avia-bg-style-scroll container_wrap fullsize'  ><div class='container av-section-cont-open' ><div class='template-page content  av-content-full alpha units'><div class='post-entry post-entry-type-page post-entry-208'><div class='entry-content-wrapper clearfix'>\n\n<style type=\"text\/css\" data-created_by=\"avia_inline_auto\" id=\"style-css-av-48ekd4-2e052e700429f774df78128bc1a1ba66\">\n.flex_column.av-48ekd4-2e052e700429f774df78128bc1a1ba66{\nborder-radius:0px 0px 0px 0px;\npadding:0px 0px 0px 0px;\n}\n<\/style>\n<div  class='flex_column av-48ekd4-2e052e700429f774df78128bc1a1ba66 av_one_full  avia-builder-el-10  el_before_av_one_third  avia-builder-el-first  first flex_column_div av-animated-generic bottom-to-top av-zero-column-padding  '     ><style type=\"text\/css\" data-created_by=\"avia_inline_auto\" id=\"style-css-av-3v1s-a7877831b6149cf254c5eba3b9b04fef\">\n#top .av-special-heading.av-3v1s-a7877831b6149cf254c5eba3b9b04fef{\npadding-bottom:20px;\ncolor:#ffffff;\nfont-size:40px;\n}\nbody .av-special-heading.av-3v1s-a7877831b6149cf254c5eba3b9b04fef .av-special-heading-tag .heading-char{\nfont-size:25px;\n}\n#top #wrap_all .av-special-heading.av-3v1s-a7877831b6149cf254c5eba3b9b04fef .av-special-heading-tag{\nfont-size:40px;\n}\n.av-special-heading.av-3v1s-a7877831b6149cf254c5eba3b9b04fef .special-heading-inner-border{\nborder-color:#ffffff;\n}\n.av-special-heading.av-3v1s-a7877831b6149cf254c5eba3b9b04fef .av-subheading{\nfont-size:15px;\n}\n\n@media only screen and (min-width: 480px) and (max-width: 767px){ \n#top #wrap_all .av-special-heading.av-3v1s-a7877831b6149cf254c5eba3b9b04fef .av-special-heading-tag{\nfont-size:0.8em;\n}\n}\n\n@media only screen and (max-width: 479px){ \n#top #wrap_all .av-special-heading.av-3v1s-a7877831b6149cf254c5eba3b9b04fef .av-special-heading-tag{\nfont-size:0.8em;\n}\n}\n<\/style>\n<div  class='av-special-heading av-3v1s-a7877831b6149cf254c5eba3b9b04fef av-special-heading-h1 custom-color-heading blockquote modern-quote modern-centered  avia-builder-el-11  avia-builder-el-no-sibling  av-inherit-size'><h1 class='av-special-heading-tag '  itemprop=\"headline\"  >\u00bfQuien soy?<\/h1><div class=\"special-heading-border\"><div class=\"special-heading-inner-border\"><\/div><\/div><\/div><\/div><div class='flex_column_table av-3xwpqo-0d4fff81820f3a6485063dac5c4c0b74 sc-av_one_third av-equal-height-column-flextable'>\n<style type=\"text\/css\" data-created_by=\"avia_inline_auto\" id=\"style-css-av-3xwpqo-0d4fff81820f3a6485063dac5c4c0b74\">\n.flex_column.av-3xwpqo-0d4fff81820f3a6485063dac5c4c0b74{\nborder-radius:0px 0px 0px 0px;\npadding:0px 0px 0px 0px;\n}\n<\/style>\n<div  class='flex_column av-3xwpqo-0d4fff81820f3a6485063dac5c4c0b74 av_one_third  avia-builder-el-12  el_after_av_one_full  el_before_av_one_third  first flex_column_table_cell av-equal-height-column av-align-middle av-animated-generic bottom-to-top av-zero-column-padding  column-top-margin'     ><style type=\"text\/css\" data-created_by=\"avia_inline_auto\" id=\"style-css-av-3plv94-4ed9a67cc9301b423fd4b8591594a331\">\n.avia-image-container.av-3plv94-4ed9a67cc9301b423fd4b8591594a331 img.avia_image{\nbox-shadow:none;\n}\n.avia-image-container.av-3plv94-4ed9a67cc9301b423fd4b8591594a331 .av-image-caption-overlay-center{\ncolor:#ffffff;\n}\n<\/style>\n<div  class='avia-image-container av-3plv94-4ed9a67cc9301b423fd4b8591594a331 av-styling-circle avia-align-center  avia-builder-el-13  avia-builder-el-no-sibling '   itemprop=\"image\" itemscope=\"itemscope\" itemtype=\"https:\/\/schema.org\/ImageObject\" ><div class=\"avia-image-container-inner\"><div class=\"avia-image-overlay-wrap\"><img decoding=\"async\" fetchpriority=\"high\" class='wp-image-247 avia-img-lazy-loading-not-247 avia_image ' src=\"https:\/\/conectaweb.net\/wp-content\/uploads\/2019\/11\/sli.jpg\" alt='QOL' title='QOL'  height=\"320\" width=\"290\"  itemprop=\"thumbnailUrl\" srcset=\"https:\/\/conectaweb.net\/wp-content\/uploads\/2019\/11\/sli.jpg 290w, https:\/\/conectaweb.net\/wp-content\/uploads\/2019\/11\/sli-272x300.jpg 272w\" sizes=\"(max-width: 290px) 100vw, 290px\" \/ loading=\"lazy\"><\/div><\/div><\/div><\/div><div class='av-flex-placeholder'><\/div>\n<style type=\"text\/css\" data-created_by=\"avia_inline_auto\" id=\"style-css-av-3jp8xk-851dd065f4be42cb634f1b2e6dbdd598\">\n.flex_column.av-3jp8xk-851dd065f4be42cb634f1b2e6dbdd598{\nborder-radius:0px 0px 0px 0px;\npadding:0px 0px 0px 0px;\n}\n<\/style>\n<div  class='flex_column av-3jp8xk-851dd065f4be42cb634f1b2e6dbdd598 av_one_third  avia-builder-el-14  el_after_av_one_third  el_before_av_one_third  flex_column_table_cell av-equal-height-column av-align-middle av-animated-generic bottom-to-top av-zero-column-padding  column-top-margin'     ><style type=\"text\/css\" data-created_by=\"avia_inline_auto\" id=\"style-css-av-3br1ow-c02b9f66e29ba80d379afc354520baa3\">\n#top .av_textblock_section.av-3br1ow-c02b9f66e29ba80d379afc354520baa3 .avia_textblock{\ncolor:#ffffff;\n}\n<\/style>\n<section  class='av_textblock_section av-3br1ow-c02b9f66e29ba80d379afc354520baa3 '   itemscope=\"itemscope\" itemtype=\"https:\/\/schema.org\/CreativeWork\" ><div class='avia_textblock av_inherit_color'  itemprop=\"text\" ><p>Mi nombre es David Sanchez y soy un apasionado de la inform\u00e1tica y la naturaleza desde muy peque\u00f1o.<\/p>\n<p>Utilizo el tiempo libre que tengo en aprender sobre todo lo que engloba mi oficio de hoy en d\u00eda que no es otro que el de administrador de sistemas, dise\u00f1ador web y marketing online con Google Ads.<\/p>\n<\/div><\/section><\/div><div class='av-flex-placeholder'><\/div>\n<style type=\"text\/css\" data-created_by=\"avia_inline_auto\" id=\"style-css-av-39jm4g-032ac34ad4c69cded0d06f984f916069\">\n.flex_column.av-39jm4g-032ac34ad4c69cded0d06f984f916069{\nborder-radius:0px 0px 0px 0px;\npadding:0px 0px 0px 0px;\n}\n<\/style>\n<div  class='flex_column av-39jm4g-032ac34ad4c69cded0d06f984f916069 av_one_third  avia-builder-el-16  el_after_av_one_third  el_before_av_hr  flex_column_table_cell av-equal-height-column av-align-middle av-animated-generic bottom-to-top av-zero-column-padding  column-top-margin'     ><style type=\"text\/css\" data-created_by=\"avia_inline_auto\" id=\"style-css-av-31srjk-8c85a1ba6f33949ba47ae2bffa8f8c47\">\n#top .av_textblock_section.av-31srjk-8c85a1ba6f33949ba47ae2bffa8f8c47 .avia_textblock{\ncolor:#ffffff;\n}\n<\/style>\n<section  class='av_textblock_section av-31srjk-8c85a1ba6f33949ba47ae2bffa8f8c47 '   itemscope=\"itemscope\" itemtype=\"https:\/\/schema.org\/CreativeWork\" ><div class='avia_textblock av_inherit_color'  itemprop=\"text\" ><p class=\"top-0\">Siempre que puedo me gusta salir a la monta\u00f1a a desconectar y disfrutar de la tranquilidad que esta me aporta.<\/p>\n<p>Practico el QOL (Quality Of Life) acompa\u00f1ado de mi Shiba Inu y mi familia.<\/p>\n<p>Enlace de interes &#8230;<\/p>\n<ul>\n<li>Calidad de vida <a href=\"https:\/\/es.wikipedia.org\/wiki\/Calidad_de_vida\" target=\"blank\" rel=\"noopener\">es.wikipedia.org<\/a><\/li>\n<\/ul>\n<\/div><\/section><\/div><\/div><!--close column table wrapper. Autoclose: 1 -->\n<style type=\"text\/css\" data-created_by=\"avia_inline_auto\" id=\"style-css-av-2vrwg0-31cf89aa17b1c72eadb751e2fc0afcd2\">\n#top .hr.hr-invisible.av-2vrwg0-31cf89aa17b1c72eadb751e2fc0afcd2{\nheight:100px;\n}\n<\/style>\n<div  class='hr av-2vrwg0-31cf89aa17b1c72eadb751e2fc0afcd2 hr-invisible  avia-builder-el-18  el_after_av_one_third  el_before_av_hr '><span class='hr-inner '><span class=\"hr-inner-style\"><\/span><\/span><\/div>\n\n<style type=\"text\/css\" data-created_by=\"avia_inline_auto\" id=\"style-css-av-2vrwg0-3-cba7ce6d14cb62bb2a3b51cf1cf4dd53\">\n#top .hr.hr-invisible.av-2vrwg0-3-cba7ce6d14cb62bb2a3b51cf1cf4dd53{\nheight:100px;\n}\n<\/style>\n<div  class='hr av-2vrwg0-3-cba7ce6d14cb62bb2a3b51cf1cf4dd53 hr-invisible  avia-builder-el-19  el_after_av_hr  avia-builder-el-last '><span class='hr-inner '><span class=\"hr-inner-style\"><\/span><\/span><\/div>\n\n<\/div><\/div><\/div><!-- close content main div --><\/div><div class='av-extra-border-element border-extra-diagonal border-extra-diagonal-inverse '><div class='av-extra-border-outer'><div class='av-extra-border-inner'><\/div><\/div><\/div><\/div>\n<style type=\"text\/css\" data-created_by=\"avia_inline_auto\" id=\"style-css-av-61l5zk-10-d32078ee40eb30a5046430dd9788d0a2\">\n.avia-section.av-61l5zk-10-d32078ee40eb30a5046430dd9788d0a2 .av-extra-border-element .av-extra-border-inner{\nbackground-color:#7bc6c7;\n}\n<\/style>\n<div id='portfolio'  class='avia-section av-61l5zk-10-d32078ee40eb30a5046430dd9788d0a2 main_color avia-section-small avia-no-border-styling  avia-builder-el-20  el_after_av_section  avia-builder-el-last  avia-bg-style-scroll container_wrap fullsize'  ><div class='container av-section-cont-open' ><div class='template-page content  av-content-full alpha units'><div class='post-entry post-entry-type-page post-entry-208'><div class='entry-content-wrapper clearfix'>\n\n<style type=\"text\/css\" data-created_by=\"avia_inline_auto\" id=\"style-css-av-5whqlc-9-148bf8abe87153286efa908648682343\">\n.flex_column.av-5whqlc-9-148bf8abe87153286efa908648682343{\nborder-radius:0px 0px 0px 0px;\npadding:0px 0px 0px 0px;\n}\n<\/style>\n<div  class='flex_column av-5whqlc-9-148bf8abe87153286efa908648682343 av_one_full  avia-builder-el-21  el_before_av_one_half  avia-builder-el-first  first flex_column_div av-animated-generic bottom-to-top av-zero-column-padding  '     ><style type=\"text\/css\" data-created_by=\"avia_inline_auto\" id=\"style-css-av-k37xwv19-a08cd6b8998a9bd10c2acd26f92bf30f\">\n#top .av-special-heading.av-k37xwv19-a08cd6b8998a9bd10c2acd26f92bf30f{\npadding-bottom:20px;\ncolor:#000000;\nfont-size:40px;\n}\nbody .av-special-heading.av-k37xwv19-a08cd6b8998a9bd10c2acd26f92bf30f .av-special-heading-tag .heading-char{\nfont-size:25px;\n}\n#top #wrap_all .av-special-heading.av-k37xwv19-a08cd6b8998a9bd10c2acd26f92bf30f .av-special-heading-tag{\nfont-size:40px;\n}\n.av-special-heading.av-k37xwv19-a08cd6b8998a9bd10c2acd26f92bf30f .special-heading-inner-border{\nborder-color:#000000;\n}\n.av-special-heading.av-k37xwv19-a08cd6b8998a9bd10c2acd26f92bf30f .av-subheading{\nfont-size:15px;\n}\n\n@media only screen and (min-width: 480px) and (max-width: 767px){ \n#top #wrap_all .av-special-heading.av-k37xwv19-a08cd6b8998a9bd10c2acd26f92bf30f .av-special-heading-tag{\nfont-size:0.8em;\n}\n}\n\n@media only screen and (max-width: 479px){ \n#top #wrap_all .av-special-heading.av-k37xwv19-a08cd6b8998a9bd10c2acd26f92bf30f .av-special-heading-tag{\nfont-size:0.8em;\n}\n}\n<\/style>\n<div  class='av-special-heading av-k37xwv19-a08cd6b8998a9bd10c2acd26f92bf30f av-special-heading-h1 custom-color-heading blockquote modern-quote modern-centered  avia-builder-el-22  avia-builder-el-no-sibling  av-inherit-size'><h1 class='av-special-heading-tag '  itemprop=\"headline\"  >Administraci\u00f3n de servidores<\/h1><div class=\"special-heading-border\"><div class=\"special-heading-inner-border\"><\/div><\/div><\/div><\/div>\n<style type=\"text\/css\" data-created_by=\"avia_inline_auto\" id=\"style-css-av-5he0io-8-efdc2368f6ad70e9c9312e995af59616\">\n.flex_column.av-5he0io-8-efdc2368f6ad70e9c9312e995af59616{\nborder-radius:0px 0px 0px 0px;\npadding:0px 0px 0px 0px;\n}\n<\/style>\n<div  class='flex_column av-5he0io-8-efdc2368f6ad70e9c9312e995af59616 av_one_half  avia-builder-el-23  el_after_av_one_full  el_before_av_one_half  first flex_column_div av-animated-generic bottom-to-top av-zero-column-padding  column-top-margin'     ><section  class='av_textblock_section av-5bvda8-7-5a3cabc4e56eaacb4dd44192962a4e45 '   itemscope=\"itemscope\" itemtype=\"https:\/\/schema.org\/CreativeWork\" ><div class='avia_textblock'  itemprop=\"text\" ><p>Si hay algo en lo que me he especializado en el mundo de la inform\u00e1tica es en la administraci\u00f3n de servidores web con el sistema operativo <a href=\"https:\/\/www.debian.org\/index.es.html\">Linux Debian<\/a>. <img loading=\"lazy\" decoding=\"async\" class=\"size-medium wp-image-264 alignright\" src=\"https:\/\/conectaweb.net\/wp-content\/uploads\/2019\/11\/Debian-10-830x4721-300x171.jpg\" alt=\"GNU\/Linux Debian\" width=\"300\" height=\"171\" srcset=\"https:\/\/conectaweb.net\/wp-content\/uploads\/2019\/11\/Debian-10-830x4721-300x171.jpg 300w, https:\/\/conectaweb.net\/wp-content\/uploads\/2019\/11\/Debian-10-830x4721-768x437.jpg 768w, https:\/\/conectaweb.net\/wp-content\/uploads\/2019\/11\/Debian-10-830x4721-705x401.jpg 705w, https:\/\/conectaweb.net\/wp-content\/uploads\/2019\/11\/Debian-10-830x4721.jpg 830w\" sizes=\"auto, (max-width: 300px) 100vw, 300px\" \/ fetchpriority=\"low\"><\/p>\n<p>Siempre he trabajado en el mundo web por lo que siempre he necesitado alojamiento para mis paginas. Cuando tuve mi primera web recuerdo que la aloj\u00e9 en un hosting gratis donde las megas eran limitadas y no pod\u00edas hacer gran cosa, una peque\u00f1a web en HTML y listo.<\/p>\n<p>No tard\u00e9 mucho en montarme mi primer servidor en casa con una distribuci\u00f3n FreeBSD donde pod\u00eda alojar una peque\u00f1a web tras un dominio tipo <a href=\"https:\/\/www.noip.com\/\">No-IP<\/a>.<\/p>\n<p>En ese momento fue cuando mi inter\u00e9s por los servidores naci\u00f3 realmente, <em>si quieres tener sitio en la red necesitas espacio &#8230;<\/em><\/p>\n<\/div><\/section><\/div>\n<style type=\"text\/css\" data-created_by=\"avia_inline_auto\" id=\"style-css-av-56ju80-6-87d337f7f026769f43174b942bf783fe\">\n.flex_column.av-56ju80-6-87d337f7f026769f43174b942bf783fe{\nborder-radius:0px 0px 0px 0px;\npadding:0px 0px 0px 0px;\n}\n<\/style>\n<div  class='flex_column av-56ju80-6-87d337f7f026769f43174b942bf783fe av_one_half  avia-builder-el-25  el_after_av_one_half  el_before_av_hr  flex_column_div av-animated-generic bottom-to-top av-zero-column-padding  column-top-margin'     ><section  class='av_textblock_section av-545jqo-5-7ae8bbc3743a1e1b0682e8b9c8bb2060 '   itemscope=\"itemscope\" itemtype=\"https:\/\/schema.org\/CreativeWork\" ><div class='avia_textblock'  itemprop=\"text\" ><p>Tras ese momento he pasado desde alquilar <a href=\"https:\/\/www.ovh.es\/hosting\/\">cuentas de hosting<\/a>, alquilar varios <a href=\"https:\/\/www.ovh.es\/vps\/\">VPS<\/a>, alg\u00fan servidor con panel de control <a href=\"https:\/\/cpanel.net\/\">CPanel<\/a> y finalmente pas\u00e9 a<\/p>\n<p><img loading=\"lazy\" decoding=\"async\" class=\"size-medium wp-image-263 alignleft\" src=\"https:\/\/conectaweb.net\/wp-content\/uploads\/2019\/11\/hosting-300x171.jpg\" alt=\"ConectaWEB\" width=\"300\" height=\"171\" srcset=\"https:\/\/conectaweb.net\/wp-content\/uploads\/2019\/11\/hosting-300x171.jpg 300w, https:\/\/conectaweb.net\/wp-content\/uploads\/2019\/11\/hosting.jpg 600w\" sizes=\"auto, (max-width: 300px) 100vw, 300px\" \/ fetchpriority=\"low\"><\/p>\n<p>montarme mis propios servidores web alquilando la <a href=\"https:\/\/www.ovh.es\/servidores_dedicados\/\">maquina completa<\/a>, montando yo el sistema operativo y los programas que cumplan la funci\u00f3n de servir webs lo m\u00e1s r\u00e1pido posible sin olvidar la seguridad.<\/p>\n<p>El administrador de sistemas serio no tiene que preocuparse de como atacar si no de como defenderse o pasar desapercibido as\u00ed que forzosamente te tienes que especializar en seguridad inform\u00e1tica.<\/p>\n<p>Hoy el d\u00eda en la empresa que trabajo administro los servidores web y correo electr\u00f3nico que alojan nuestras paginas web y las cuentas de correo con las que trabaja todo el equipo.<\/p>\n<\/div><\/section><\/div>\n<style type=\"text\/css\" data-created_by=\"avia_inline_auto\" id=\"style-css-av-4ujwu8-4-2d660ba61f126c094ddef2fd1aedacd3\">\n#top .hr.hr-invisible.av-4ujwu8-4-2d660ba61f126c094ddef2fd1aedacd3{\nheight:50px;\n}\n<\/style>\n<div  class='hr av-4ujwu8-4-2d660ba61f126c094ddef2fd1aedacd3 hr-invisible  avia-builder-el-27  el_after_av_one_half  avia-builder-el-last '><span class='hr-inner '><span class=\"hr-inner-style\"><\/span><\/span><\/div>\n\n","protected":false},"excerpt":{"rendered":"","protected":false},"author":1,"featured_media":0,"parent":0,"menu_order":0,"comment_status":"open","ping_status":"closed","template":"","meta":{"footnotes":""},"class_list":["post-208","page","type-page","status-publish","hentry"],"_links":{"self":[{"href":"https:\/\/conectaweb.net\/index.php?rest_route=\/wp\/v2\/pages\/208","targetHints":{"allow":["GET"]}}],"collection":[{"href":"https:\/\/conectaweb.net\/index.php?rest_route=\/wp\/v2\/pages"}],"about":[{"href":"https:\/\/conectaweb.net\/index.php?rest_route=\/wp\/v2\/types\/page"}],"author":[{"embeddable":true,"href":"https:\/\/conectaweb.net\/index.php?rest_route=\/wp\/v2\/users\/1"}],"replies":[{"embeddable":true,"href":"https:\/\/conectaweb.net\/index.php?rest_route=%2Fwp%2Fv2%2Fcomments&post=208"}],"version-history":[{"count":33,"href":"https:\/\/conectaweb.net\/index.php?rest_route=\/wp\/v2\/pages\/208\/revisions"}],"predecessor-version":[{"id":330,"href":"https:\/\/conectaweb.net\/index.php?rest_route=\/wp\/v2\/pages\/208\/revisions\/330"}],"wp:attachment":[{"href":"https:\/\/conectaweb.net\/index.php?rest_route=%2Fwp%2Fv2%2Fmedia&parent=208"}],"curies":[{"name":"wp","href":"https:\/\/api.w.org\/{rel}","templated":true}]}}